{"id":231,"date":"2023-11-24T13:41:42","date_gmt":"2023-11-24T13:41:42","guid":{"rendered":"https:\/\/growwithflow.nl\/index.php\/about\/"},"modified":"2024-09-03T20:43:19","modified_gmt":"2024-09-03T19:43:19","slug":"about","status":"publish","type":"page","link":"https:\/\/growwithflow.nl\/index.php\/about\/","title":{"rendered":"Over ons"},"content":{"rendered":"\t\t<div data-elementor-type=\"wp-page\" data-elementor-id=\"231\" class=\"elementor elementor-231\" data-elementor-post-type=\"page\">\n\t\t\t\t<div class=\"elementor-element elementor-element-543283fd e-flex e-con-boxed e-con e-parent\" data-id=\"543283fd\" data-element_type=\"container\" data-e-type=\"container\">\n\t\t\t\t\t<div class=\"e-con-inner\">\n\t\t<div class=\"elementor-element elementor-element-309076f1 e-con-full e-flex e-con e-child\" data-id=\"309076f1\" data-element_type=\"container\" data-e-type=\"container\">\n\t\t\t\t<div class=\"elementor-element elementor-element-4d6e3a81 elementor-widget__width-inherit elementor-widget elementor-widget-image\" data-id=\"4d6e3a81\" data-element_type=\"widget\" data-e-type=\"widget\" data-widget_type=\"image.default\">\n\t\t\t\t<div class=\"elementor-widget-container\">\n\t\t\t\t\t\t\t\t\t\t\t\t\t\t\t<img decoding=\"async\" src=\"https:\/\/growwithflow.nl\/wp-content\/uploads\/2024\/09\/IMG_3010.heic\" class=\"attachment-full size-full wp-image-2192\" alt=\"\" \/>\t\t\t\t\t\t\t\t\t\t\t\t\t\t\t<\/div>\n\t\t\t\t<\/div>\n\t\t\t\t<\/div>\n\t\t<div class=\"elementor-element elementor-element-770dd614 e-con-full e-flex e-con e-child\" data-id=\"770dd614\" data-element_type=\"container\" data-e-type=\"container\">\n\t\t\t\t<div class=\"elementor-element elementor-element-1895deda elementor-invisible elementor-widget elementor-widget-heading\" data-id=\"1895deda\" data-element_type=\"widget\" data-e-type=\"widget\" data-settings=\"{&quot;_animation&quot;:&quot;fadeIn&quot;,&quot;_animation_delay&quot;:200}\" data-widget_type=\"heading.default\">\n\t\t\t\t<div class=\"elementor-widget-container\">\n\t\t\t\t\t<h1 class=\"elementor-heading-title elementor-size-default\">Over ons<\/h1>\t\t\t\t<\/div>\n\t\t\t\t<\/div>\n\t\t\t\t<div class=\"elementor-element elementor-element-710cc7d9 elementor-widget elementor-widget-text-editor\" data-id=\"710cc7d9\" data-element_type=\"widget\" data-e-type=\"widget\" data-widget_type=\"text-editor.default\">\n\t\t\t\t<div class=\"elementor-widget-container\">\n\t\t\t\t\t\t\t\t\t<p>Van studiegenoten, naar vriendinnen, naar business partners; Wij zijn Naomi &amp; Annika (vlnr). In september 2019 begonnen wij aan de master forensische orthopedagogiek aan de Universiteit van Amsterdam. Al snel bleek dat we een goede klik hadden op persoonlijk vlak en zochten we steun bij elkaar voor schoolopdrachten, scriptie en onze stage ervaringen. Doordat we herkenning en steun bij elkaar vonden, is onze vriendschapsband alleen maar hechter geworden. Wij hebben onze krachten gebundeld en zo is Grow With Flow ontstaan. Hierbij hebben wij onze eigen ervaringen gecombineerd met de kennis die wij hebben opgedaan tijdens onze studies psychologie en orthopedagogiek. Wij hopen dat jij steun en (h)erkenning haalt uit onze modules en door de aangereikte handvatten vol vertrouwen door de komende levensfase gaat!<\/p>\t\t\t\t\t\t\t\t<\/div>\n\t\t\t\t<\/div>\n\t\t\t\t<\/div>\n\t\t\t\t\t<\/div>\n\t\t\t\t<\/div>\n\t\t<div class=\"elementor-element elementor-element-66bb8837 e-flex e-con-boxed e-con e-parent\" data-id=\"66bb8837\" data-element_type=\"container\" data-e-type=\"container\">\n\t\t\t\t\t<div class=\"e-con-inner\">\n\t\t<div class=\"elementor-element elementor-element-12c8d81 e-con-full e-flex e-con e-child\" data-id=\"12c8d81\" data-element_type=\"container\" data-e-type=\"container\">\n\t\t\t\t<div class=\"elementor-element elementor-element-142023b4 elementor-invisible elementor-widget elementor-widget-heading\" data-id=\"142023b4\" data-element_type=\"widget\" data-e-type=\"widget\" data-settings=\"{&quot;_animation&quot;:&quot;fadeIn&quot;}\" data-widget_type=\"heading.default\">\n\t\t\t\t<div class=\"elementor-widget-container\">\n\t\t\t\t\t<h2 class=\"elementor-heading-title elementor-size-default\">Ons team<\/h2>\t\t\t\t<\/div>\n\t\t\t\t<\/div>\n\t\t\t\t<\/div>\n\t\t\t\t\t<\/div>\n\t\t\t\t<\/div>\n\t\t<div class=\"elementor-element elementor-element-1b36d4c e-flex e-con-boxed e-con e-parent\" data-id=\"1b36d4c\" data-element_type=\"container\" data-e-type=\"container\">\n\t\t\t\t\t<div class=\"e-con-inner\">\n\t\t<div class=\"elementor-element elementor-element-a007426 e-con-full e-flex e-con e-child\" data-id=\"a007426\" data-element_type=\"container\" data-e-type=\"container\">\n\t\t\t\t<div class=\"elementor-element elementor-element-baea337 elementor-widget elementor-widget-image\" data-id=\"baea337\" data-element_type=\"widget\" data-e-type=\"widget\" data-widget_type=\"image.default\">\n\t\t\t\t<div class=\"elementor-widget-container\">\n\t\t\t\t\t\t\t\t\t\t\t\t\t\t\t<img fetchpriority=\"high\" decoding=\"async\" width=\"768\" height=\"1024\" src=\"https:\/\/growwithflow.nl\/wp-content\/uploads\/2023\/11\/annika-768x1024.webp\" class=\"attachment-large size-large wp-image-344\" alt=\"\" srcset=\"https:\/\/growwithflow.nl\/wp-content\/uploads\/2023\/11\/annika-768x1024.webp 768w, https:\/\/growwithflow.nl\/wp-content\/uploads\/2023\/11\/annika-225x300.webp 225w, https:\/\/growwithflow.nl\/wp-content\/uploads\/2023\/11\/annika-1152x1536.webp 1152w, https:\/\/growwithflow.nl\/wp-content\/uploads\/2023\/11\/annika.webp 1200w\" sizes=\"(max-width: 768px) 100vw, 768px\" \/>\t\t\t\t\t\t\t\t\t\t\t\t\t\t\t<\/div>\n\t\t\t\t<\/div>\n\t\t\t\t<div class=\"elementor-element elementor-element-82dc213 elementor-widget elementor-widget-heading\" data-id=\"82dc213\" data-element_type=\"widget\" data-e-type=\"widget\" data-widget_type=\"heading.default\">\n\t\t\t\t<div class=\"elementor-widget-container\">\n\t\t\t\t\t<h2 class=\"elementor-heading-title elementor-size-default\">Annika<\/h2>\t\t\t\t<\/div>\n\t\t\t\t<\/div>\n\t\t\t\t<div class=\"elementor-element elementor-element-3ef4d40 elementor-widget elementor-widget-text-editor\" data-id=\"3ef4d40\" data-element_type=\"widget\" data-e-type=\"widget\" data-widget_type=\"text-editor.default\">\n\t\t\t\t<div class=\"elementor-widget-container\">\n\t\t\t\t\t\t\t\t\t<p>Co-Founder<\/p><p>Psycholoog &amp; orthopedagoog (MSc)<\/p>\t\t\t\t\t\t\t\t<\/div>\n\t\t\t\t<\/div>\n\t\t\t\t<\/div>\n\t\t<div class=\"elementor-element elementor-element-dacd19b e-con-full e-flex e-con e-child\" data-id=\"dacd19b\" data-element_type=\"container\" data-e-type=\"container\">\n\t\t\t\t<div class=\"elementor-element elementor-element-4b5525b elementor-widget elementor-widget-image\" data-id=\"4b5525b\" data-element_type=\"widget\" data-e-type=\"widget\" data-widget_type=\"image.default\">\n\t\t\t\t<div class=\"elementor-widget-container\">\n\t\t\t\t\t\t\t\t\t\t\t\t\t\t\t<img decoding=\"async\" width=\"768\" height=\"1024\" src=\"https:\/\/growwithflow.nl\/wp-content\/uploads\/2023\/11\/naomi-768x1024.webp\" class=\"attachment-large size-large wp-image-345\" alt=\"\" srcset=\"https:\/\/growwithflow.nl\/wp-content\/uploads\/2023\/11\/naomi-768x1024.webp 768w, https:\/\/growwithflow.nl\/wp-content\/uploads\/2023\/11\/naomi-225x300.webp 225w, https:\/\/growwithflow.nl\/wp-content\/uploads\/2023\/11\/naomi-1152x1536.webp 1152w, https:\/\/growwithflow.nl\/wp-content\/uploads\/2023\/11\/naomi-1536x2048.webp 1536w, https:\/\/growwithflow.nl\/wp-content\/uploads\/2023\/11\/naomi-scaled.webp 1920w\" sizes=\"(max-width: 768px) 100vw, 768px\" \/>\t\t\t\t\t\t\t\t\t\t\t\t\t\t\t<\/div>\n\t\t\t\t<\/div>\n\t\t\t\t<div class=\"elementor-element elementor-element-410679d elementor-widget elementor-widget-heading\" data-id=\"410679d\" data-element_type=\"widget\" data-e-type=\"widget\" data-widget_type=\"heading.default\">\n\t\t\t\t<div class=\"elementor-widget-container\">\n\t\t\t\t\t<h2 class=\"elementor-heading-title elementor-size-default\">Naomi<\/h2>\t\t\t\t<\/div>\n\t\t\t\t<\/div>\n\t\t\t\t<div class=\"elementor-element elementor-element-7c05076 elementor-widget elementor-widget-text-editor\" data-id=\"7c05076\" data-element_type=\"widget\" data-e-type=\"widget\" data-widget_type=\"text-editor.default\">\n\t\t\t\t<div class=\"elementor-widget-container\">\n\t\t\t\t\t\t\t\t\t<p>Co-Founder<\/p><p>Psycholoog &amp; orthopedagoog (MSc)<\/p>\t\t\t\t\t\t\t\t<\/div>\n\t\t\t\t<\/div>\n\t\t\t\t<\/div>\n\t\t\t\t\t<\/div>\n\t\t\t\t<\/div>\n\t\t<div class=\"elementor-element elementor-element-7c676558 e-flex e-con-boxed e-con e-parent\" data-id=\"7c676558\" data-element_type=\"container\" data-e-type=\"container\">\n\t\t\t\t\t<div class=\"e-con-inner\">\n\t\t<div class=\"elementor-element elementor-element-5ce9f74 e-con-full e-flex e-con e-child\" data-id=\"5ce9f74\" data-element_type=\"container\" data-e-type=\"container\">\n\t\t<div class=\"elementor-element elementor-element-51ece95f e-flex e-con-boxed e-con e-child\" data-id=\"51ece95f\" data-element_type=\"container\" data-e-type=\"container\">\n\t\t\t\t\t<div class=\"e-con-inner\">\n\t\t\t\t<div class=\"elementor-element elementor-element-62a04fca elementor-invisible elementor-widget elementor-widget-heading\" data-id=\"62a04fca\" data-element_type=\"widget\" data-e-type=\"widget\" data-settings=\"{&quot;_animation&quot;:&quot;fadeIn&quot;,&quot;_animation_delay&quot;:400}\" data-widget_type=\"heading.default\">\n\t\t\t\t<div class=\"elementor-widget-container\">\n\t\t\t\t\t<h2 class=\"elementor-heading-title elementor-size-default\">Waarom Grow With Flow?<\/h2>\t\t\t\t<\/div>\n\t\t\t\t<\/div>\n\t\t\t\t<div class=\"elementor-element elementor-element-749740ba elementor-widget elementor-widget-text-editor\" data-id=\"749740ba\" data-element_type=\"widget\" data-e-type=\"widget\" data-widget_type=\"text-editor.default\">\n\t\t\t\t<div class=\"elementor-widget-container\">\n\t\t\t\t\t\t\t\t\t<p>Grow With Flow is ontstaan naar aanleiding van onze eigen struggles tijdens onze stages, na het afstuderen en tijdens onze eerste stappen in het werkveld. Als wij hier alle drie al tegenaan liepen, dan zouden we vast niet de enigen zijn. Veel met elkaar praten over onze struggles en het delen van ervaringen heeft ons drie\u00ebn erg geholpen. Ondanks dat we steun in elkaar vonden, misten we handvatten voor de problemen die we tegenkwamen bij de verandering van student naar young professional.&nbsp;<\/p>\n<p>We besloten onze ervaringen in combinatie met onze psychologische kennis om te zetten in het concept Grow With Flow.<\/p>\n<p>Met Grow With Flow willen wij elke student tot en met young professional handvatten bieden om te leren omgaan met die struggles die je kunt ervaren tijdens het afstuderen, na het afstuderen en tijdens het werken als young professional gebaseerd op psychologische kennis, zoals ACT, G-schema\u2019s en Mindfulness. Met aanvullend persoonlijke \u00e9\u00e9n-op-\u00e9\u00e9n coaching willen we een op maat gemaakt plan maken, passend bij jouw situatie.&nbsp;<\/p>\n<p>Wij bieden jou juist datgene wat wij zo erg hebben gemist in deze periode en gunnen het jou om te groeien, met ons en met elkaar.<\/p>\t\t\t\t\t\t\t\t<\/div>\n\t\t\t\t<\/div>\n\t\t\t\t\t<\/div>\n\t\t\t\t<\/div>\n\t\t<div class=\"elementor-element elementor-element-3f5e4b85 e-flex e-con-boxed e-con e-child\" data-id=\"3f5e4b85\" data-element_type=\"container\" data-e-type=\"container\">\n\t\t\t\t\t<div class=\"e-con-inner\">\n\t\t\t\t<div class=\"elementor-element elementor-element-648102f6 elementor-widget elementor-widget-image\" data-id=\"648102f6\" data-element_type=\"widget\" data-e-type=\"widget\" data-widget_type=\"image.default\">\n\t\t\t\t<div class=\"elementor-widget-container\">\n\t\t\t\t\t\t\t\t\t\t\t\t\t\t\t<img decoding=\"async\" width=\"717\" height=\"1123\" src=\"https:\/\/growwithflow.nl\/wp-content\/uploads\/2023\/11\/wij-e1725392137542.webp\" class=\"attachment-full size-full wp-image-393\" alt=\"\" srcset=\"https:\/\/growwithflow.nl\/wp-content\/uploads\/2023\/11\/wij-e1725392137542.webp 717w, https:\/\/growwithflow.nl\/wp-content\/uploads\/2023\/11\/wij-e1725392137542-192x300.webp 192w, https:\/\/growwithflow.nl\/wp-content\/uploads\/2023\/11\/wij-e1725392137542-654x1024.webp 654w\" sizes=\"(max-width: 717px) 100vw, 717px\" \/>\t\t\t\t\t\t\t\t\t\t\t\t\t\t\t<\/div>\n\t\t\t\t<\/div>\n\t\t\t\t\t<\/div>\n\t\t\t\t<\/div>\n\t\t\t\t<\/div>\n\t\t\t\t\t<\/div>\n\t\t\t\t<\/div>\n\t\t\t\t<\/div>\n\t\t","protected":false},"excerpt":{"rendered":"<p>Met Grow With Flow willen wij elke student tot en met young professional handvatten bieden om te leren omgaan met die struggles die je kunt ervaren tijdens het afstuderen, na het afstuderen en tijdens het werken als young professional gebaseerd op psychologische kennis, zoals ACT, G-schema\u2019s en Mindfulness. <\/p>\n","protected":false},"author":3,"featured_media":385,"parent":0,"menu_order":0,"comment_status":"closed","ping_status":"closed","template":"","meta":{"footnotes":""},"class_list":["post-231","page","type-page","status-publish","has-post-thumbnail","hentry"],"yoast_head":"<!-- This site is optimized with the Yoast SEO plugin v27.3 - https:\/\/yoast.com\/product\/yoast-seo-wordpress\/ -->\n<title>Over ons - Grow With Flow<\/title>\n<meta name=\"robots\" content=\"index, follow, max-snippet:-1, max-image-preview:large, max-video-preview:-1\" \/>\n<link rel=\"canonical\" href=\"https:\/\/growwithflow.nl\/index.php\/about\/\" \/>\n<meta property=\"og:locale\" content=\"en_US\" \/>\n<meta property=\"og:type\" content=\"article\" \/>\n<meta property=\"og:title\" content=\"Over ons - Grow With Flow\" \/>\n<meta property=\"og:description\" content=\"Met Grow With Flow willen wij elke student tot en met young professional handvatten bieden om te leren omgaan met die struggles die je kunt ervaren tijdens het afstuderen, na het afstuderen en tijdens het werken als young professional gebaseerd op psychologische kennis, zoals ACT, G-schema\u2019s en Mindfulness.\" \/>\n<meta property=\"og:url\" content=\"https:\/\/growwithflow.nl\/index.php\/about\/\" \/>\n<meta property=\"og:site_name\" content=\"Grow With Flow\" \/>\n<meta property=\"article:modified_time\" content=\"2024-09-03T19:43:19+00:00\" \/>\n<meta property=\"og:image\" content=\"https:\/\/growwithflow.nl\/wp-content\/uploads\/2023\/11\/over-ons.webp\" \/>\n\t<meta property=\"og:image:width\" content=\"1080\" \/>\n\t<meta property=\"og:image:height\" content=\"717\" \/>\n\t<meta property=\"og:image:type\" content=\"image\/webp\" \/>\n<meta name=\"twitter:card\" content=\"summary_large_image\" \/>\n<meta name=\"twitter:label1\" content=\"Est. reading time\" \/>\n\t<meta name=\"twitter:data1\" content=\"3 minutes\" \/>\n<script type=\"application\/ld+json\" class=\"yoast-schema-graph\">{\"@context\":\"https:\\\/\\\/schema.org\",\"@graph\":[{\"@type\":\"WebPage\",\"@id\":\"https:\\\/\\\/growwithflow.nl\\\/index.php\\\/about\\\/\",\"url\":\"https:\\\/\\\/growwithflow.nl\\\/index.php\\\/about\\\/\",\"name\":\"Over ons - Grow With Flow\",\"isPartOf\":{\"@id\":\"https:\\\/\\\/growwithflow.nl\\\/#website\"},\"primaryImageOfPage\":{\"@id\":\"https:\\\/\\\/growwithflow.nl\\\/index.php\\\/about\\\/#primaryimage\"},\"image\":{\"@id\":\"https:\\\/\\\/growwithflow.nl\\\/index.php\\\/about\\\/#primaryimage\"},\"thumbnailUrl\":\"https:\\\/\\\/growwithflow.nl\\\/wp-content\\\/uploads\\\/2023\\\/11\\\/over-ons.webp\",\"datePublished\":\"2023-11-24T13:41:42+00:00\",\"dateModified\":\"2024-09-03T19:43:19+00:00\",\"breadcrumb\":{\"@id\":\"https:\\\/\\\/growwithflow.nl\\\/index.php\\\/about\\\/#breadcrumb\"},\"inLanguage\":\"en-US\",\"potentialAction\":[{\"@type\":\"ReadAction\",\"target\":[\"https:\\\/\\\/growwithflow.nl\\\/index.php\\\/about\\\/\"]}]},{\"@type\":\"ImageObject\",\"inLanguage\":\"en-US\",\"@id\":\"https:\\\/\\\/growwithflow.nl\\\/index.php\\\/about\\\/#primaryimage\",\"url\":\"https:\\\/\\\/growwithflow.nl\\\/wp-content\\\/uploads\\\/2023\\\/11\\\/over-ons.webp\",\"contentUrl\":\"https:\\\/\\\/growwithflow.nl\\\/wp-content\\\/uploads\\\/2023\\\/11\\\/over-ons.webp\",\"width\":1080,\"height\":717},{\"@type\":\"BreadcrumbList\",\"@id\":\"https:\\\/\\\/growwithflow.nl\\\/index.php\\\/about\\\/#breadcrumb\",\"itemListElement\":[{\"@type\":\"ListItem\",\"position\":1,\"name\":\"Home\",\"item\":\"https:\\\/\\\/growwithflow.nl\\\/\"},{\"@type\":\"ListItem\",\"position\":2,\"name\":\"Over ons\"}]},{\"@type\":\"WebSite\",\"@id\":\"https:\\\/\\\/growwithflow.nl\\\/#website\",\"url\":\"https:\\\/\\\/growwithflow.nl\\\/\",\"name\":\"Grow With Flow\",\"description\":\"Community voor (h)erkenning, ondersteuning, kennis en groei, in welke fase je ook zit.\",\"publisher\":{\"@id\":\"https:\\\/\\\/growwithflow.nl\\\/#organization\"},\"potentialAction\":[{\"@type\":\"SearchAction\",\"target\":{\"@type\":\"EntryPoint\",\"urlTemplate\":\"https:\\\/\\\/growwithflow.nl\\\/?s={search_term_string}\"},\"query-input\":{\"@type\":\"PropertyValueSpecification\",\"valueRequired\":true,\"valueName\":\"search_term_string\"}}],\"inLanguage\":\"en-US\"},{\"@type\":\"Organization\",\"@id\":\"https:\\\/\\\/growwithflow.nl\\\/#organization\",\"name\":\"Grow With Flow\",\"url\":\"https:\\\/\\\/growwithflow.nl\\\/\",\"logo\":{\"@type\":\"ImageObject\",\"inLanguage\":\"en-US\",\"@id\":\"https:\\\/\\\/growwithflow.nl\\\/#\\\/schema\\\/logo\\\/image\\\/\",\"url\":\"https:\\\/\\\/growwithflow.nl\\\/wp-content\\\/uploads\\\/2023\\\/11\\\/GWF_web_logo-zwart.png\",\"contentUrl\":\"https:\\\/\\\/growwithflow.nl\\\/wp-content\\\/uploads\\\/2023\\\/11\\\/GWF_web_logo-zwart.png\",\"width\":450,\"height\":235,\"caption\":\"Grow With Flow\"},\"image\":{\"@id\":\"https:\\\/\\\/growwithflow.nl\\\/#\\\/schema\\\/logo\\\/image\\\/\"}}]}<\/script>\n<!-- \/ Yoast SEO plugin. -->","yoast_head_json":{"title":"Over ons - Grow With Flow","robots":{"index":"index","follow":"follow","max-snippet":"max-snippet:-1","max-image-preview":"max-image-preview:large","max-video-preview":"max-video-preview:-1"},"canonical":"https:\/\/growwithflow.nl\/index.php\/about\/","og_locale":"en_US","og_type":"article","og_title":"Over ons - Grow With Flow","og_description":"Met Grow With Flow willen wij elke student tot en met young professional handvatten bieden om te leren omgaan met die struggles die je kunt ervaren tijdens het afstuderen, na het afstuderen en tijdens het werken als young professional gebaseerd op psychologische kennis, zoals ACT, G-schema\u2019s en Mindfulness.","og_url":"https:\/\/growwithflow.nl\/index.php\/about\/","og_site_name":"Grow With Flow","article_modified_time":"2024-09-03T19:43:19+00:00","og_image":[{"width":1080,"height":717,"url":"https:\/\/growwithflow.nl\/wp-content\/uploads\/2023\/11\/over-ons.webp","type":"image\/webp"}],"twitter_card":"summary_large_image","twitter_misc":{"Est. reading time":"3 minutes"},"schema":{"@context":"https:\/\/schema.org","@graph":[{"@type":"WebPage","@id":"https:\/\/growwithflow.nl\/index.php\/about\/","url":"https:\/\/growwithflow.nl\/index.php\/about\/","name":"Over ons - Grow With Flow","isPartOf":{"@id":"https:\/\/growwithflow.nl\/#website"},"primaryImageOfPage":{"@id":"https:\/\/growwithflow.nl\/index.php\/about\/#primaryimage"},"image":{"@id":"https:\/\/growwithflow.nl\/index.php\/about\/#primaryimage"},"thumbnailUrl":"https:\/\/growwithflow.nl\/wp-content\/uploads\/2023\/11\/over-ons.webp","datePublished":"2023-11-24T13:41:42+00:00","dateModified":"2024-09-03T19:43:19+00:00","breadcrumb":{"@id":"https:\/\/growwithflow.nl\/index.php\/about\/#breadcrumb"},"inLanguage":"en-US","potentialAction":[{"@type":"ReadAction","target":["https:\/\/growwithflow.nl\/index.php\/about\/"]}]},{"@type":"ImageObject","inLanguage":"en-US","@id":"https:\/\/growwithflow.nl\/index.php\/about\/#primaryimage","url":"https:\/\/growwithflow.nl\/wp-content\/uploads\/2023\/11\/over-ons.webp","contentUrl":"https:\/\/growwithflow.nl\/wp-content\/uploads\/2023\/11\/over-ons.webp","width":1080,"height":717},{"@type":"BreadcrumbList","@id":"https:\/\/growwithflow.nl\/index.php\/about\/#breadcrumb","itemListElement":[{"@type":"ListItem","position":1,"name":"Home","item":"https:\/\/growwithflow.nl\/"},{"@type":"ListItem","position":2,"name":"Over ons"}]},{"@type":"WebSite","@id":"https:\/\/growwithflow.nl\/#website","url":"https:\/\/growwithflow.nl\/","name":"Grow With Flow","description":"Community voor (h)erkenning, ondersteuning, kennis en groei, in welke fase je ook zit.","publisher":{"@id":"https:\/\/growwithflow.nl\/#organization"},"potentialAction":[{"@type":"SearchAction","target":{"@type":"EntryPoint","urlTemplate":"https:\/\/growwithflow.nl\/?s={search_term_string}"},"query-input":{"@type":"PropertyValueSpecification","valueRequired":true,"valueName":"search_term_string"}}],"inLanguage":"en-US"},{"@type":"Organization","@id":"https:\/\/growwithflow.nl\/#organization","name":"Grow With Flow","url":"https:\/\/growwithflow.nl\/","logo":{"@type":"ImageObject","inLanguage":"en-US","@id":"https:\/\/growwithflow.nl\/#\/schema\/logo\/image\/","url":"https:\/\/growwithflow.nl\/wp-content\/uploads\/2023\/11\/GWF_web_logo-zwart.png","contentUrl":"https:\/\/growwithflow.nl\/wp-content\/uploads\/2023\/11\/GWF_web_logo-zwart.png","width":450,"height":235,"caption":"Grow With Flow"},"image":{"@id":"https:\/\/growwithflow.nl\/#\/schema\/logo\/image\/"}}]}},"_links":{"self":[{"href":"https:\/\/growwithflow.nl\/index.php\/wp-json\/wp\/v2\/pages\/231","targetHints":{"allow":["GET"]}}],"collection":[{"href":"https:\/\/growwithflow.nl\/index.php\/wp-json\/wp\/v2\/pages"}],"about":[{"href":"https:\/\/growwithflow.nl\/index.php\/wp-json\/wp\/v2\/types\/page"}],"author":[{"embeddable":true,"href":"https:\/\/growwithflow.nl\/index.php\/wp-json\/wp\/v2\/users\/3"}],"replies":[{"embeddable":true,"href":"https:\/\/growwithflow.nl\/index.php\/wp-json\/wp\/v2\/comments?post=231"}],"version-history":[{"count":64,"href":"https:\/\/growwithflow.nl\/index.php\/wp-json\/wp\/v2\/pages\/231\/revisions"}],"predecessor-version":[{"id":2195,"href":"https:\/\/growwithflow.nl\/index.php\/wp-json\/wp\/v2\/pages\/231\/revisions\/2195"}],"wp:featuredmedia":[{"embeddable":true,"href":"https:\/\/growwithflow.nl\/index.php\/wp-json\/wp\/v2\/media\/385"}],"wp:attachment":[{"href":"https:\/\/growwithflow.nl\/index.php\/wp-json\/wp\/v2\/media?parent=231"}],"curies":[{"name":"wp","href":"https:\/\/api.w.org\/{rel}","templated":true}]}}