{"id":687,"date":"2023-11-28T13:46:36","date_gmt":"2023-11-28T13:46:36","guid":{"rendered":"https:\/\/growwithflow.nl\/?page_id=687"},"modified":"2024-05-17T16:13:53","modified_gmt":"2024-05-17T15:13:53","slug":"work-with-flow","status":"publish","type":"page","link":"https:\/\/growwithflow.nl\/index.php\/alle-modules\/work-with-flow\/","title":{"rendered":"Work With Flow"},"content":{"rendered":"\t\t<div data-elementor-type=\"wp-page\" data-elementor-id=\"687\" class=\"elementor elementor-687\" data-elementor-post-type=\"page\">\n\t\t\t\t<div class=\"elementor-element elementor-element-1f58850 e-con-full e-flex e-con e-parent\" data-id=\"1f58850\" data-element_type=\"container\" data-e-type=\"container\" data-settings=\"{&quot;background_background&quot;:&quot;classic&quot;}\">\n\t\t<div class=\"elementor-element elementor-element-5c77aad1 e-flex e-con-boxed e-con e-child\" data-id=\"5c77aad1\" data-element_type=\"container\" data-e-type=\"container\">\n\t\t\t\t\t<div class=\"e-con-inner\">\n\t\t\t\t<div class=\"elementor-element elementor-element-994cc0e elementor-widget elementor-widget-heading\" data-id=\"994cc0e\" data-element_type=\"widget\" data-e-type=\"widget\" data-widget_type=\"heading.default\">\n\t\t\t\t<div class=\"elementor-widget-container\">\n\t\t\t\t\t<h1 class=\"elementor-heading-title elementor-size-default\">Work With Flow<\/h1>\t\t\t\t<\/div>\n\t\t\t\t<\/div>\n\t\t\t\t<div class=\"elementor-element elementor-element-7509ebc7 elementor-widget elementor-widget-text-editor\" data-id=\"7509ebc7\" data-element_type=\"widget\" data-e-type=\"widget\" data-widget_type=\"text-editor.default\">\n\t\t\t\t<div class=\"elementor-widget-container\">\n\t\t\t\t\t\t\t\t\t<p class=\"MsoNormal\" style=\"margin-bottom: 10.0pt; line-height: 115%; mso-pagination: none; mso-layout-grid-align: none; text-autospace: none;\"><span lang=\"nl\">De Work With Flow module staat in het teken van je weg vinden als young professional binnen het werkveld. De start aan je eerste of aan een nieuwe baan brengt verschillende veranderingen met zich mee, zowel<br \/>voor jou persoonlijk als voor jou als young professional.\u00a0<\/span><\/p>\t\t\t\t\t\t\t\t<\/div>\n\t\t\t\t<\/div>\n\t\t\t\t\t<\/div>\n\t\t\t\t<\/div>\n\t\t\t\t<\/div>\n\t\t<div class=\"elementor-element elementor-element-7317864 e-flex e-con-boxed e-con e-parent\" data-id=\"7317864\" data-element_type=\"container\" data-e-type=\"container\">\n\t\t\t\t\t<div class=\"e-con-inner\">\n\t\t<div class=\"elementor-element elementor-element-4edc57bd e-con-full e-flex e-con e-child\" data-id=\"4edc57bd\" data-element_type=\"container\" data-e-type=\"container\" data-settings=\"{&quot;background_background&quot;:&quot;classic&quot;}\">\n\t\t\t\t<div class=\"elementor-element elementor-element-53c4d116 elementor-widget elementor-widget-image\" data-id=\"53c4d116\" data-element_type=\"widget\" data-e-type=\"widget\" data-settings=\"{&quot;_animation&quot;:&quot;none&quot;}\" data-widget_type=\"image.default\">\n\t\t\t\t<div class=\"elementor-widget-container\">\n\t\t\t\t\t\t\t\t\t\t\t\t\t\t\t<img fetchpriority=\"high\" decoding=\"async\" width=\"720\" height=\"486\" src=\"https:\/\/growwithflow.nl\/wp-content\/uploads\/2023\/11\/work.webp\" class=\"attachment-full size-full wp-image-649\" alt=\"\" srcset=\"https:\/\/growwithflow.nl\/wp-content\/uploads\/2023\/11\/work.webp 720w, https:\/\/growwithflow.nl\/wp-content\/uploads\/2023\/11\/work-300x203.webp 300w\" sizes=\"(max-width: 720px) 100vw, 720px\" \/>\t\t\t\t\t\t\t\t\t\t\t\t\t\t\t<\/div>\n\t\t\t\t<\/div>\n\t\t\t\t<\/div>\n\t\t<div class=\"elementor-element elementor-element-5e59322c e-con-full e-flex e-con e-child\" data-id=\"5e59322c\" data-element_type=\"container\" data-e-type=\"container\">\n\t\t<div class=\"elementor-element elementor-element-f930d2a e-con-full e-flex e-con e-child\" data-id=\"f930d2a\" data-element_type=\"container\" data-e-type=\"container\">\n\t\t\t\t<div class=\"elementor-element elementor-element-ad9270a elementor-widget elementor-widget-heading\" data-id=\"ad9270a\" data-element_type=\"widget\" data-e-type=\"widget\" data-widget_type=\"heading.default\">\n\t\t\t\t<div class=\"elementor-widget-container\">\n\t\t\t\t\t<h2 class=\"elementor-heading-title elementor-size-default\">Hoe vind je de balans tussen werk en priv\u00e9? <br>Wat kan je verwachten van jezelf en van deze baan? <br>Hoe geef jij je grenzen aan? <br>Hoe ga je om met feedback &amp; kritiek?<br>Waarom is timemanagement helpend?<br><br>Loop jij ook met deze vraagstukken rond en wil jij groeien als young professional?<br><\/h2>\t\t\t\t<\/div>\n\t\t\t\t<\/div>\n\t\t\t\t<div class=\"elementor-element elementor-element-950d0fb elementor-widget-divider--view-line elementor-widget elementor-widget-divider\" data-id=\"950d0fb\" data-element_type=\"widget\" data-e-type=\"widget\" data-widget_type=\"divider.default\">\n\t\t\t\t<div class=\"elementor-widget-container\">\n\t\t\t\t\t\t\t<div class=\"elementor-divider\">\n\t\t\t<span class=\"elementor-divider-separator\">\n\t\t\t\t\t\t<\/span>\n\t\t<\/div>\n\t\t\t\t\t\t<\/div>\n\t\t\t\t<\/div>\n\t\t\t\t<\/div>\n\t\t\t\t<div class=\"elementor-element elementor-element-3133e636 elementor-widget elementor-widget-heading\" data-id=\"3133e636\" data-element_type=\"widget\" data-e-type=\"widget\" data-widget_type=\"heading.default\">\n\t\t\t\t<div class=\"elementor-widget-container\">\n\t\t\t\t\t<h2 class=\"elementor-heading-title elementor-size-default\">Dan is Work With Flow iets voor jou.<\/h2>\t\t\t\t<\/div>\n\t\t\t\t<\/div>\n\t\t\t\t<div class=\"elementor-element elementor-element-911490d elementor-widget elementor-widget-text-editor\" data-id=\"911490d\" data-element_type=\"widget\" data-e-type=\"widget\" data-widget_type=\"text-editor.default\">\n\t\t\t\t<div class=\"elementor-widget-container\">\n\t\t\t\t\t\t\t\t\t<p><span style=\"color: var( --e-global-color-text ); text-align: var(--text-align); background-color: var( --e-global-color-232bc9d );\">In deze module krijg je handvatten om een fijne start te maken aan je nieuwe baan en jezelf te ontwikkelen als young professional.<\/span><\/p><p>Daarnaast krijg je hierbij drie persoonlijke \u00e9\u00e9n-op-\u00e9\u00e9n online coaching sessies, in te plannen wanneer het jou uitkomt.\u00a0<\/p><p>Voor meer informatie over de Grow sessies,\u00a0<a style=\"font-family: var( --e-global-typography-accent-font-family ), Sans-serif; font-size: var( --e-global-typography-accent-font-size ); font-weight: var( --e-global-typography-accent-font-weight );\" href=\"https:\/\/growwithflow.nl\/index.php\/grow-sessies-2\/\">klik hier<\/a>.<\/p><p>\u00a0<\/p>\t\t\t\t\t\t\t\t<\/div>\n\t\t\t\t<\/div>\n\t\t\t\t<div class=\"elementor-element elementor-element-79142ba elementor-align-center elementor-widget elementor-widget-button\" data-id=\"79142ba\" data-element_type=\"widget\" data-e-type=\"widget\" data-widget_type=\"button.default\">\n\t\t\t\t<div class=\"elementor-widget-container\">\n\t\t\t\t\t\t\t\t\t<div class=\"elementor-button-wrapper\">\n\t\t\t\t\t<a class=\"elementor-button elementor-button-link elementor-size-sm\" href=\"https:\/\/growwithflow.plugandpay.nl\/checkout\/work-with-flow-grow-sessie-traject\">\n\t\t\t\t\t\t<span class=\"elementor-button-content-wrapper\">\n\t\t\t\t\t\t\t\t\t<span class=\"elementor-button-text\">Start hier voor \u20ac449<\/span>\n\t\t\t\t\t<\/span>\n\t\t\t\t\t<\/a>\n\t\t\t\t<\/div>\n\t\t\t\t\t\t\t\t<\/div>\n\t\t\t\t<\/div>\n\t\t\t\t<div class=\"elementor-element elementor-element-fa894b1 elementor-widget-divider--view-line elementor-widget elementor-widget-divider\" data-id=\"fa894b1\" data-element_type=\"widget\" data-e-type=\"widget\" data-widget_type=\"divider.default\">\n\t\t\t\t<div class=\"elementor-widget-container\">\n\t\t\t\t\t\t\t<div class=\"elementor-divider\">\n\t\t\t<span class=\"elementor-divider-separator\">\n\t\t\t\t\t\t<\/span>\n\t\t<\/div>\n\t\t\t\t\t\t<\/div>\n\t\t\t\t<\/div>\n\t\t\t\t<\/div>\n\t\t\t\t\t<\/div>\n\t\t\t\t<\/div>\n\t\t<div class=\"elementor-element elementor-element-34f12545 e-flex e-con-boxed e-con e-parent\" data-id=\"34f12545\" data-element_type=\"container\" data-e-type=\"container\">\n\t\t\t\t\t<div class=\"e-con-inner\">\n\t\t<div class=\"elementor-element elementor-element-4368a3a3 e-con-full e-flex e-con e-child\" data-id=\"4368a3a3\" data-element_type=\"container\" data-e-type=\"container\">\n\t\t\t\t<div class=\"elementor-element elementor-element-214d84df elementor-widget elementor-widget-heading\" data-id=\"214d84df\" data-element_type=\"widget\" data-e-type=\"widget\" data-widget_type=\"heading.default\">\n\t\t\t\t<div class=\"elementor-widget-container\">\n\t\t\t\t\t<h2 class=\"elementor-heading-title elementor-size-default\">Bij aanschaf van de module, krijg jij toegang tot:<\/h2>\t\t\t\t<\/div>\n\t\t\t\t<\/div>\n\t\t\t\t<div class=\"elementor-element elementor-element-48e7adca elementor-widget elementor-widget-text-editor\" data-id=\"48e7adca\" data-element_type=\"widget\" data-e-type=\"widget\" data-widget_type=\"text-editor.default\">\n\t\t\t\t<div class=\"elementor-widget-container\">\n\t\t\t\t\t\t\t\t\t<ul>\n<li><strong>Kennisclips over verschillende onderwerpen, zoals afstudeerangst, druk op het afstuderen, het volgen van een stage en grenzen aanvoelen en aangeven.<\/strong><\/li>\n<li><strong>Drie persoonlijke \u00e9\u00e9n-op-\u00e9\u00e9n online coaching sessies<\/strong><\/li>\n<li><strong>Theoretische en praktische oefeningen.<\/strong><\/li>\n<li><strong>Tips &amp; tricks vanuit onze kennis en eigen ervaringen.<\/strong><\/li>\n<li><strong>Word je automatisch lid van de Grow With Flow community: altijd ruimte voor jouw verhaal in het contact met lotgenoten.<\/strong><\/li>\n<li><strong>Online Q&amp;A momenten met ons.<\/strong><\/li><li><strong>Mogelijkheid om tegen een laag tarief extra Grow sessie(s) in te plannen<br><\/strong><\/li>\n<\/ul>\t\t\t\t\t\t\t\t<\/div>\n\t\t\t\t<\/div>\n\t\t\t\t<div class=\"elementor-element elementor-element-2370c267 elementor-widget elementor-widget-text-editor\" data-id=\"2370c267\" data-element_type=\"widget\" data-e-type=\"widget\" data-widget_type=\"text-editor.default\">\n\t\t\t\t<div class=\"elementor-widget-container\">\n\t\t\t\t\t\t\t\t\t<ul><li><p><strong>Optioneel: Work With Flow werkboek*<\/strong><\/p><\/li><\/ul><p><em>* De perfecte tool om je voortgang bij te houden tijdens het doorlopen van de module. Het bevat alle oefeningen waar je jouw antwoorden in kan noteren en je ontwikkeling overzichtelijk blijft. Je hoeft je antwoorden niet langer terug te zoeken! Direct na aanschaf te gebruiken.<\/em><\/p>\t\t\t\t\t\t\t\t<\/div>\n\t\t\t\t<\/div>\n\t\t\t\t<div class=\"elementor-element elementor-element-18a8304 elementor-align-left elementor-widget elementor-widget-button\" data-id=\"18a8304\" data-element_type=\"widget\" data-e-type=\"widget\" data-widget_type=\"button.default\">\n\t\t\t\t<div class=\"elementor-widget-container\">\n\t\t\t\t\t\t\t\t\t<div class=\"elementor-button-wrapper\">\n\t\t\t\t\t<a class=\"elementor-button elementor-button-link elementor-size-sm\" href=\"https:\/\/growwithflow.plugandpay.nl\/checkout\/werkboek-work-with-flow\">\n\t\t\t\t\t\t<span class=\"elementor-button-content-wrapper\">\n\t\t\t\t\t\t\t\t\t<span class=\"elementor-button-text\">Koop hier het werkboek!<\/span>\n\t\t\t\t\t<\/span>\n\t\t\t\t\t<\/a>\n\t\t\t\t<\/div>\n\t\t\t\t\t\t\t\t<\/div>\n\t\t\t\t<\/div>\n\t\t\t\t<\/div>\n\t\t<div class=\"elementor-element elementor-element-6cea2f6 e-con-full e-flex e-con e-child\" data-id=\"6cea2f6\" data-element_type=\"container\" data-e-type=\"container\">\n\t\t\t\t<div class=\"elementor-element elementor-element-10a5c593 elementor-widget elementor-widget-image\" data-id=\"10a5c593\" data-element_type=\"widget\" data-e-type=\"widget\" data-settings=\"{&quot;_animation&quot;:&quot;none&quot;}\" data-widget_type=\"image.default\">\n\t\t\t\t<div class=\"elementor-widget-container\">\n\t\t\t\t\t\t\t\t\t\t\t\t\t\t\t<img decoding=\"async\" width=\"720\" height=\"486\" src=\"https:\/\/growwithflow.nl\/wp-content\/uploads\/2023\/11\/grow-sessie.webp\" class=\"attachment-large size-large wp-image-539\" alt=\"\" srcset=\"https:\/\/growwithflow.nl\/wp-content\/uploads\/2023\/11\/grow-sessie.webp 720w, https:\/\/growwithflow.nl\/wp-content\/uploads\/2023\/11\/grow-sessie-300x203.webp 300w\" sizes=\"(max-width: 720px) 100vw, 720px\" \/>\t\t\t\t\t\t\t\t\t\t\t\t\t\t\t<\/div>\n\t\t\t\t<\/div>\n\t\t\t\t<\/div>\n\t\t\t\t\t<\/div>\n\t\t\t\t<\/div>\n\t\t<div class=\"elementor-element elementor-element-3ff59cfa e-flex e-con-boxed e-con e-parent\" data-id=\"3ff59cfa\" data-element_type=\"container\" data-e-type=\"container\">\n\t\t\t\t\t<div class=\"e-con-inner\">\n\t\t<div class=\"elementor-element elementor-element-79814633 e-con-full e-flex e-con e-child\" data-id=\"79814633\" data-element_type=\"container\" data-e-type=\"container\">\n\t\t<div class=\"elementor-element elementor-element-56a68168 e-flex e-con-boxed e-con e-child\" data-id=\"56a68168\" data-element_type=\"container\" data-e-type=\"container\">\n\t\t\t\t\t<div class=\"e-con-inner\">\n\t\t\t\t<div class=\"elementor-element elementor-element-46ed647f elementor-invisible elementor-widget elementor-widget-heading\" data-id=\"46ed647f\" data-element_type=\"widget\" data-e-type=\"widget\" data-settings=\"{&quot;_animation&quot;:&quot;fadeIn&quot;,&quot;_animation_delay&quot;:400}\" data-widget_type=\"heading.default\">\n\t\t\t\t<div class=\"elementor-widget-container\">\n\t\t\t\t\t<h2 class=\"elementor-heading-title elementor-size-default\">Na het volgen van deze module weet jij:<\/h2>\t\t\t\t<\/div>\n\t\t\t\t<\/div>\n\t\t\t\t<div class=\"elementor-element elementor-element-45bd9b7c elementor-widget elementor-widget-text-editor\" data-id=\"45bd9b7c\" data-element_type=\"widget\" data-e-type=\"widget\" data-widget_type=\"text-editor.default\">\n\t\t\t\t<div class=\"elementor-widget-container\">\n\t\t\t\t\t\t\t\t\t<ul><li><strong>Hoe je een fijne start kunt maken in het werkveld<\/strong><\/li><li><strong>Hoe jouw balans is tussen werk en priv\u00e9.<\/strong><\/li><li><strong>Hoe je meer balans kunt cre\u00ebren tussen werk en priv\u00e9.<\/strong><\/li><li><strong>Wat je kan verwachten tijdens je inwerkperiode en hoe jij tijd op kan eisen.<\/strong><\/li><li><strong>Waar je grenzen liggen binnen het werkende leven en hoe je deze vervolgens aangeeft.<\/strong><\/li><li><strong>Wat je kan verwachten in een baan en hoe je deze verwachtingen kan waarmaken of juist niet.<\/strong><\/li><li><strong>Wat timemanagement voor voordelen kan opleveren binnen je werktijd<\/strong><\/li><li><strong>Hoe jij je weerbaar kan maken tegen prestatiedruk in de werkcultuur die in bedrijven kan heersen<\/strong>.<\/li><\/ul>\t\t\t\t\t\t\t\t<\/div>\n\t\t\t\t<\/div>\n\t\t\t\t\t<\/div>\n\t\t\t\t<\/div>\n\t\t<div class=\"elementor-element elementor-element-7fc3aa3b e-flex e-con-boxed e-con e-child\" data-id=\"7fc3aa3b\" data-element_type=\"container\" data-e-type=\"container\">\n\t\t\t\t\t<div class=\"e-con-inner\">\n\t\t\t\t<div class=\"elementor-element elementor-element-1111b408 elementor-widget elementor-widget-image\" data-id=\"1111b408\" data-element_type=\"widget\" data-e-type=\"widget\" data-widget_type=\"image.default\">\n\t\t\t\t<div class=\"elementor-widget-container\">\n\t\t\t\t\t\t\t\t\t\t\t\t\t\t\t<img decoding=\"async\" width=\"720\" height=\"486\" src=\"https:\/\/growwithflow.nl\/wp-content\/uploads\/2023\/11\/kennis.webp\" class=\"attachment-full size-full wp-image-652\" alt=\"\" srcset=\"https:\/\/growwithflow.nl\/wp-content\/uploads\/2023\/11\/kennis.webp 720w, https:\/\/growwithflow.nl\/wp-content\/uploads\/2023\/11\/kennis-300x203.webp 300w\" sizes=\"(max-width: 720px) 100vw, 720px\" \/>\t\t\t\t\t\t\t\t\t\t\t\t\t\t\t<\/div>\n\t\t\t\t<\/div>\n\t\t\t\t\t<\/div>\n\t\t\t\t<\/div>\n\t\t\t\t<\/div>\n\t\t\t\t\t<\/div>\n\t\t\t\t<\/div>\n\t\t\t\t<\/div>\n\t\t","protected":false},"excerpt":{"rendered":"<p>Work With Flow De Work With Flow module staat in het teken van je weg vinden als young professional binnen het werkveld. De start aan je eerste of aan een nieuwe baan brengt verschillende veranderingen met zich mee, zowelvoor jou persoonlijk als voor jou als young professional.\u00a0 Hoe vind je de balans tussen werk en [&hellip;]<\/p>\n","protected":false},"author":3,"featured_media":0,"parent":243,"menu_order":3,"comment_status":"closed","ping_status":"closed","template":"","meta":{"footnotes":""},"class_list":["post-687","page","type-page","status-publish","hentry"],"yoast_head":"<!-- This site is optimized with the Yoast SEO plugin v27.3 - https:\/\/yoast.com\/product\/yoast-seo-wordpress\/ -->\n<title>Work With Flow - Grow With Flow<\/title>\n<meta name=\"robots\" content=\"index, follow, max-snippet:-1, max-image-preview:large, max-video-preview:-1\" \/>\n<link rel=\"canonical\" href=\"https:\/\/growwithflow.nl\/index.php\/alle-modules\/work-with-flow\/\" \/>\n<meta property=\"og:locale\" content=\"en_US\" \/>\n<meta property=\"og:type\" content=\"article\" \/>\n<meta property=\"og:title\" content=\"Work With Flow - Grow With Flow\" \/>\n<meta property=\"og:description\" content=\"Work With Flow De Work With Flow module staat in het teken van je weg vinden als young professional binnen het werkveld. De start aan je eerste of aan een nieuwe baan brengt verschillende veranderingen met zich mee, zowelvoor jou persoonlijk als voor jou als young professional.\u00a0 Hoe vind je de balans tussen werk en [&hellip;]\" \/>\n<meta property=\"og:url\" content=\"https:\/\/growwithflow.nl\/index.php\/alle-modules\/work-with-flow\/\" \/>\n<meta property=\"og:site_name\" content=\"Grow With Flow\" \/>\n<meta property=\"article:modified_time\" content=\"2024-05-17T15:13:53+00:00\" \/>\n<meta property=\"og:image\" content=\"https:\/\/growwithflow.nl\/wp-content\/uploads\/2023\/11\/work.webp\" \/>\n<meta name=\"twitter:card\" content=\"summary_large_image\" \/>\n<meta name=\"twitter:label1\" content=\"Est. reading time\" \/>\n\t<meta name=\"twitter:data1\" content=\"3 minutes\" \/>\n<script type=\"application\/ld+json\" class=\"yoast-schema-graph\">{\"@context\":\"https:\\\/\\\/schema.org\",\"@graph\":[{\"@type\":\"WebPage\",\"@id\":\"https:\\\/\\\/growwithflow.nl\\\/index.php\\\/alle-modules\\\/work-with-flow\\\/\",\"url\":\"https:\\\/\\\/growwithflow.nl\\\/index.php\\\/alle-modules\\\/work-with-flow\\\/\",\"name\":\"Work With Flow - Grow With Flow\",\"isPartOf\":{\"@id\":\"https:\\\/\\\/growwithflow.nl\\\/#website\"},\"primaryImageOfPage\":{\"@id\":\"https:\\\/\\\/growwithflow.nl\\\/index.php\\\/alle-modules\\\/work-with-flow\\\/#primaryimage\"},\"image\":{\"@id\":\"https:\\\/\\\/growwithflow.nl\\\/index.php\\\/alle-modules\\\/work-with-flow\\\/#primaryimage\"},\"thumbnailUrl\":\"https:\\\/\\\/growwithflow.nl\\\/wp-content\\\/uploads\\\/2023\\\/11\\\/work.webp\",\"datePublished\":\"2023-11-28T13:46:36+00:00\",\"dateModified\":\"2024-05-17T15:13:53+00:00\",\"breadcrumb\":{\"@id\":\"https:\\\/\\\/growwithflow.nl\\\/index.php\\\/alle-modules\\\/work-with-flow\\\/#breadcrumb\"},\"inLanguage\":\"en-US\",\"potentialAction\":[{\"@type\":\"ReadAction\",\"target\":[\"https:\\\/\\\/growwithflow.nl\\\/index.php\\\/alle-modules\\\/work-with-flow\\\/\"]}]},{\"@type\":\"ImageObject\",\"inLanguage\":\"en-US\",\"@id\":\"https:\\\/\\\/growwithflow.nl\\\/index.php\\\/alle-modules\\\/work-with-flow\\\/#primaryimage\",\"url\":\"https:\\\/\\\/growwithflow.nl\\\/wp-content\\\/uploads\\\/2023\\\/11\\\/work.webp\",\"contentUrl\":\"https:\\\/\\\/growwithflow.nl\\\/wp-content\\\/uploads\\\/2023\\\/11\\\/work.webp\",\"width\":720,\"height\":486},{\"@type\":\"BreadcrumbList\",\"@id\":\"https:\\\/\\\/growwithflow.nl\\\/index.php\\\/alle-modules\\\/work-with-flow\\\/#breadcrumb\",\"itemListElement\":[{\"@type\":\"ListItem\",\"position\":1,\"name\":\"Home\",\"item\":\"https:\\\/\\\/growwithflow.nl\\\/\"},{\"@type\":\"ListItem\",\"position\":2,\"name\":\"Alle Modules\",\"item\":\"https:\\\/\\\/growwithflow.nl\\\/index.php\\\/alle-modules\\\/\"},{\"@type\":\"ListItem\",\"position\":3,\"name\":\"Work With Flow\"}]},{\"@type\":\"WebSite\",\"@id\":\"https:\\\/\\\/growwithflow.nl\\\/#website\",\"url\":\"https:\\\/\\\/growwithflow.nl\\\/\",\"name\":\"Grow With Flow\",\"description\":\"Community voor (h)erkenning, ondersteuning, kennis en groei, in welke fase je ook zit.\",\"publisher\":{\"@id\":\"https:\\\/\\\/growwithflow.nl\\\/#organization\"},\"potentialAction\":[{\"@type\":\"SearchAction\",\"target\":{\"@type\":\"EntryPoint\",\"urlTemplate\":\"https:\\\/\\\/growwithflow.nl\\\/?s={search_term_string}\"},\"query-input\":{\"@type\":\"PropertyValueSpecification\",\"valueRequired\":true,\"valueName\":\"search_term_string\"}}],\"inLanguage\":\"en-US\"},{\"@type\":\"Organization\",\"@id\":\"https:\\\/\\\/growwithflow.nl\\\/#organization\",\"name\":\"Grow With Flow\",\"url\":\"https:\\\/\\\/growwithflow.nl\\\/\",\"logo\":{\"@type\":\"ImageObject\",\"inLanguage\":\"en-US\",\"@id\":\"https:\\\/\\\/growwithflow.nl\\\/#\\\/schema\\\/logo\\\/image\\\/\",\"url\":\"https:\\\/\\\/growwithflow.nl\\\/wp-content\\\/uploads\\\/2023\\\/11\\\/GWF_web_logo-zwart.png\",\"contentUrl\":\"https:\\\/\\\/growwithflow.nl\\\/wp-content\\\/uploads\\\/2023\\\/11\\\/GWF_web_logo-zwart.png\",\"width\":450,\"height\":235,\"caption\":\"Grow With Flow\"},\"image\":{\"@id\":\"https:\\\/\\\/growwithflow.nl\\\/#\\\/schema\\\/logo\\\/image\\\/\"}}]}<\/script>\n<!-- \/ Yoast SEO plugin. -->","yoast_head_json":{"title":"Work With Flow - Grow With Flow","robots":{"index":"index","follow":"follow","max-snippet":"max-snippet:-1","max-image-preview":"max-image-preview:large","max-video-preview":"max-video-preview:-1"},"canonical":"https:\/\/growwithflow.nl\/index.php\/alle-modules\/work-with-flow\/","og_locale":"en_US","og_type":"article","og_title":"Work With Flow - Grow With Flow","og_description":"Work With Flow De Work With Flow module staat in het teken van je weg vinden als young professional binnen het werkveld. De start aan je eerste of aan een nieuwe baan brengt verschillende veranderingen met zich mee, zowelvoor jou persoonlijk als voor jou als young professional.\u00a0 Hoe vind je de balans tussen werk en [&hellip;]","og_url":"https:\/\/growwithflow.nl\/index.php\/alle-modules\/work-with-flow\/","og_site_name":"Grow With Flow","article_modified_time":"2024-05-17T15:13:53+00:00","og_image":[{"url":"https:\/\/growwithflow.nl\/wp-content\/uploads\/2023\/11\/work.webp","type":"","width":"","height":""}],"twitter_card":"summary_large_image","twitter_misc":{"Est. reading time":"3 minutes"},"schema":{"@context":"https:\/\/schema.org","@graph":[{"@type":"WebPage","@id":"https:\/\/growwithflow.nl\/index.php\/alle-modules\/work-with-flow\/","url":"https:\/\/growwithflow.nl\/index.php\/alle-modules\/work-with-flow\/","name":"Work With Flow - Grow With Flow","isPartOf":{"@id":"https:\/\/growwithflow.nl\/#website"},"primaryImageOfPage":{"@id":"https:\/\/growwithflow.nl\/index.php\/alle-modules\/work-with-flow\/#primaryimage"},"image":{"@id":"https:\/\/growwithflow.nl\/index.php\/alle-modules\/work-with-flow\/#primaryimage"},"thumbnailUrl":"https:\/\/growwithflow.nl\/wp-content\/uploads\/2023\/11\/work.webp","datePublished":"2023-11-28T13:46:36+00:00","dateModified":"2024-05-17T15:13:53+00:00","breadcrumb":{"@id":"https:\/\/growwithflow.nl\/index.php\/alle-modules\/work-with-flow\/#breadcrumb"},"inLanguage":"en-US","potentialAction":[{"@type":"ReadAction","target":["https:\/\/growwithflow.nl\/index.php\/alle-modules\/work-with-flow\/"]}]},{"@type":"ImageObject","inLanguage":"en-US","@id":"https:\/\/growwithflow.nl\/index.php\/alle-modules\/work-with-flow\/#primaryimage","url":"https:\/\/growwithflow.nl\/wp-content\/uploads\/2023\/11\/work.webp","contentUrl":"https:\/\/growwithflow.nl\/wp-content\/uploads\/2023\/11\/work.webp","width":720,"height":486},{"@type":"BreadcrumbList","@id":"https:\/\/growwithflow.nl\/index.php\/alle-modules\/work-with-flow\/#breadcrumb","itemListElement":[{"@type":"ListItem","position":1,"name":"Home","item":"https:\/\/growwithflow.nl\/"},{"@type":"ListItem","position":2,"name":"Alle Modules","item":"https:\/\/growwithflow.nl\/index.php\/alle-modules\/"},{"@type":"ListItem","position":3,"name":"Work With Flow"}]},{"@type":"WebSite","@id":"https:\/\/growwithflow.nl\/#website","url":"https:\/\/growwithflow.nl\/","name":"Grow With Flow","description":"Community voor (h)erkenning, ondersteuning, kennis en groei, in welke fase je ook zit.","publisher":{"@id":"https:\/\/growwithflow.nl\/#organization"},"potentialAction":[{"@type":"SearchAction","target":{"@type":"EntryPoint","urlTemplate":"https:\/\/growwithflow.nl\/?s={search_term_string}"},"query-input":{"@type":"PropertyValueSpecification","valueRequired":true,"valueName":"search_term_string"}}],"inLanguage":"en-US"},{"@type":"Organization","@id":"https:\/\/growwithflow.nl\/#organization","name":"Grow With Flow","url":"https:\/\/growwithflow.nl\/","logo":{"@type":"ImageObject","inLanguage":"en-US","@id":"https:\/\/growwithflow.nl\/#\/schema\/logo\/image\/","url":"https:\/\/growwithflow.nl\/wp-content\/uploads\/2023\/11\/GWF_web_logo-zwart.png","contentUrl":"https:\/\/growwithflow.nl\/wp-content\/uploads\/2023\/11\/GWF_web_logo-zwart.png","width":450,"height":235,"caption":"Grow With Flow"},"image":{"@id":"https:\/\/growwithflow.nl\/#\/schema\/logo\/image\/"}}]}},"_links":{"self":[{"href":"https:\/\/growwithflow.nl\/index.php\/wp-json\/wp\/v2\/pages\/687","targetHints":{"allow":["GET"]}}],"collection":[{"href":"https:\/\/growwithflow.nl\/index.php\/wp-json\/wp\/v2\/pages"}],"about":[{"href":"https:\/\/growwithflow.nl\/index.php\/wp-json\/wp\/v2\/types\/page"}],"author":[{"embeddable":true,"href":"https:\/\/growwithflow.nl\/index.php\/wp-json\/wp\/v2\/users\/3"}],"replies":[{"embeddable":true,"href":"https:\/\/growwithflow.nl\/index.php\/wp-json\/wp\/v2\/comments?post=687"}],"version-history":[{"count":152,"href":"https:\/\/growwithflow.nl\/index.php\/wp-json\/wp\/v2\/pages\/687\/revisions"}],"predecessor-version":[{"id":2126,"href":"https:\/\/growwithflow.nl\/index.php\/wp-json\/wp\/v2\/pages\/687\/revisions\/2126"}],"up":[{"embeddable":true,"href":"https:\/\/growwithflow.nl\/index.php\/wp-json\/wp\/v2\/pages\/243"}],"wp:attachment":[{"href":"https:\/\/growwithflow.nl\/index.php\/wp-json\/wp\/v2\/media?parent=687"}],"curies":[{"name":"wp","href":"https:\/\/api.w.org\/{rel}","templated":true}]}}